{"id":31500,"date":"2024-02-01T14:13:47","date_gmt":"2024-02-01T13:13:47","guid":{"rendered":"https:\/\/osadkowski.pl\/portal\/?page_id=31500"},"modified":"2024-08-15T21:06:06","modified_gmt":"2024-08-15T19:06:06","slug":"borowka-amerykanska","status":"publish","type":"page","link":"https:\/\/osadkowski.pl\/portal\/uprawy\/borowka-amerykanska\/","title":{"rendered":"Bor\u00f3wka ameryka\u0144ska"},"content":{"rendered":"","protected":false},"excerpt":{"rendered":"","protected":false},"author":16,"featured_media":31513,"parent":21640,"menu_order":0,"comment_status":"closed","ping_status":"closed","template":"","meta":[],"yoast_head":"<!-- This site is optimized with the Yoast SEO plugin v21.7 - https:\/\/yoast.com\/wordpress\/plugins\/seo\/ -->\n<title>Bor\u00f3wka ameryka\u0144ska | Osadkowski.pl<\/title>\n<meta name=\"description\" content=\"Poznaj ofert\u0119 firmy Osadkowski w zakresie Bor\u00f3wka ameryka\u0144ska\" \/>\n<meta name=\"robots\" content=\"index, follow, max-snippet:-1, max-image-preview:large, max-video-preview:-1\" \/>\n<link rel=\"canonical\" href=\"https:\/\/osadkowski.pl\/portal\/uprawy\/borowka-amerykanska\/\" \/>\n<meta property=\"og:locale\" content=\"pl_PL\" \/>\n<meta property=\"og:type\" content=\"article\" \/>\n<meta property=\"og:title\" content=\"Bor\u00f3wka ameryka\u0144ska | Osadkowski.pl\" \/>\n<meta property=\"og:description\" content=\"Poznaj ofert\u0119 firmy Osadkowski w zakresie Bor\u00f3wka ameryka\u0144ska\" \/>\n<meta property=\"og:url\" content=\"https:\/\/osadkowski.pl\/portal\/uprawy\/borowka-amerykanska\/\" \/>\n<meta property=\"og:site_name\" content=\"Osadkowski.pl\" \/>\n<meta property=\"article:publisher\" content=\"https:\/\/www.facebook.com\/osadkowski\/\" \/>\n<meta property=\"article:modified_time\" content=\"2024-08-15T19:06:06+00:00\" \/>\n<meta property=\"og:image\" content=\"https:\/\/osadkowski.pl\/wp-content\/uploads\/2024\/02\/borowka-1024x1024-1.webp\" \/>\n\t<meta property=\"og:image:width\" content=\"1024\" \/>\n\t<meta property=\"og:image:height\" content=\"1024\" \/>\n\t<meta property=\"og:image:type\" content=\"image\/webp\" \/>\n<meta name=\"twitter:card\" content=\"summary_large_image\" \/>\n<meta name=\"twitter:label1\" content=\"Szacowany czas czytania\" \/>\n\t<meta name=\"twitter:data1\" content=\"1 minuta\" \/>\n<script type=\"application\/ld+json\" class=\"yoast-schema-graph\">{\"@context\":\"https:\/\/schema.org\",\"@graph\":[{\"@type\":\"WebPage\",\"@id\":\"https:\/\/osadkowski.pl\/portal\/uprawy\/borowka-amerykanska\/\",\"url\":\"https:\/\/osadkowski.pl\/portal\/uprawy\/borowka-amerykanska\/\",\"name\":\"Bor\u00f3wka ameryka\u0144ska | Osadkowski.pl\",\"isPartOf\":{\"@id\":\"https:\/\/osadkowski.pl\/portal\/#website\"},\"datePublished\":\"2024-02-01T13:13:47+00:00\",\"dateModified\":\"2024-08-15T19:06:06+00:00\",\"description\":\"Poznaj ofert\u0119 firmy Osadkowski w zakresie Bor\u00f3wka ameryka\u0144ska\",\"breadcrumb\":{\"@id\":\"https:\/\/osadkowski.pl\/portal\/uprawy\/borowka-amerykanska\/#breadcrumb\"},\"inLanguage\":\"pl-PL\",\"potentialAction\":[{\"@type\":\"ReadAction\",\"target\":[\"https:\/\/osadkowski.pl\/portal\/uprawy\/borowka-amerykanska\/\"]}]},{\"@type\":\"BreadcrumbList\",\"@id\":\"https:\/\/osadkowski.pl\/portal\/uprawy\/borowka-amerykanska\/#breadcrumb\",\"itemListElement\":[{\"@type\":\"ListItem\",\"position\":1,\"name\":\"Strona g\u0142\u00f3wna\",\"item\":\"https:\/\/osadkowski.pl\/portal\/\"},{\"@type\":\"ListItem\",\"position\":2,\"name\":\"Uprawy rolne &#8211; nasze rozwi\u0105zania dla zb\u00f3\u017c, warzyw i sadownictwa\",\"item\":\"https:\/\/osadkowski.pl\/portal\/?page_id=21640\"},{\"@type\":\"ListItem\",\"position\":3,\"name\":\"Bor\u00f3wka ameryka\u0144ska\"}]},{\"@type\":\"WebSite\",\"@id\":\"https:\/\/osadkowski.pl\/portal\/#website\",\"url\":\"https:\/\/osadkowski.pl\/portal\/\",\"name\":\"Osadkowski.pl\",\"description\":\"Rolnictwo w wersji PRO | \u015brodki ochrony ro\u015blin, nasiona, nawozy, maszyny rolnicze\",\"publisher\":{\"@id\":\"https:\/\/osadkowski.pl\/portal\/#organization\"},\"potentialAction\":[{\"@type\":\"SearchAction\",\"target\":{\"@type\":\"EntryPoint\",\"urlTemplate\":\"https:\/\/osadkowski.pl\/portal\/?s={search_term_string}\"},\"query-input\":\"required name=search_term_string\"}],\"inLanguage\":\"pl-PL\"},{\"@type\":\"Organization\",\"@id\":\"https:\/\/osadkowski.pl\/portal\/#organization\",\"name\":\"Osadkowski Sp. z o. o.\",\"url\":\"https:\/\/osadkowski.pl\/portal\/\",\"logo\":{\"@type\":\"ImageObject\",\"inLanguage\":\"pl-PL\",\"@id\":\"https:\/\/osadkowski.pl\/portal\/#\/schema\/logo\/image\/\",\"url\":\"https:\/\/osadkowski.pl\/wp-content\/uploads\/2023\/03\/osadkowski_logo.webp\",\"contentUrl\":\"https:\/\/osadkowski.pl\/wp-content\/uploads\/2023\/03\/osadkowski_logo.webp\",\"width\":192,\"height\":60,\"caption\":\"Osadkowski Sp. z o. o.\"},\"image\":{\"@id\":\"https:\/\/osadkowski.pl\/portal\/#\/schema\/logo\/image\/\"},\"sameAs\":[\"https:\/\/www.facebook.com\/osadkowski\/\",\"https:\/\/www.instagram.com\/osadkowski\/\",\"https:\/\/www.linkedin.com\/company\/osadkowski-sa\/\",\"https:\/\/www.youtube.com\/c\/Osadkowskidlarolnictwa\"]}]}<\/script>\n<!-- \/ Yoast SEO plugin. -->","yoast_head_json":{"title":"Bor\u00f3wka ameryka\u0144ska | Osadkowski.pl","description":"Poznaj ofert\u0119 firmy Osadkowski w zakresie Bor\u00f3wka ameryka\u0144ska","robots":{"index":"index","follow":"follow","max-snippet":"max-snippet:-1","max-image-preview":"max-image-preview:large","max-video-preview":"max-video-preview:-1"},"canonical":"https:\/\/osadkowski.pl\/portal\/uprawy\/borowka-amerykanska\/","og_locale":"pl_PL","og_type":"article","og_title":"Bor\u00f3wka ameryka\u0144ska | Osadkowski.pl","og_description":"Poznaj ofert\u0119 firmy Osadkowski w zakresie Bor\u00f3wka ameryka\u0144ska","og_url":"https:\/\/osadkowski.pl\/portal\/uprawy\/borowka-amerykanska\/","og_site_name":"Osadkowski.pl","article_publisher":"https:\/\/www.facebook.com\/osadkowski\/","article_modified_time":"2024-08-15T19:06:06+00:00","og_image":[{"width":1024,"height":1024,"url":"https:\/\/osadkowski.pl\/wp-content\/uploads\/2024\/02\/borowka-1024x1024-1.webp","type":"image\/webp"}],"twitter_card":"summary_large_image","twitter_misc":{"Szacowany czas czytania":"1 minuta"},"schema":{"@context":"https:\/\/schema.org","@graph":[{"@type":"WebPage","@id":"https:\/\/osadkowski.pl\/portal\/uprawy\/borowka-amerykanska\/","url":"https:\/\/osadkowski.pl\/portal\/uprawy\/borowka-amerykanska\/","name":"Bor\u00f3wka ameryka\u0144ska | Osadkowski.pl","isPartOf":{"@id":"https:\/\/osadkowski.pl\/portal\/#website"},"datePublished":"2024-02-01T13:13:47+00:00","dateModified":"2024-08-15T19:06:06+00:00","description":"Poznaj ofert\u0119 firmy Osadkowski w zakresie Bor\u00f3wka ameryka\u0144ska","breadcrumb":{"@id":"https:\/\/osadkowski.pl\/portal\/uprawy\/borowka-amerykanska\/#breadcrumb"},"inLanguage":"pl-PL","potentialAction":[{"@type":"ReadAction","target":["https:\/\/osadkowski.pl\/portal\/uprawy\/borowka-amerykanska\/"]}]},{"@type":"BreadcrumbList","@id":"https:\/\/osadkowski.pl\/portal\/uprawy\/borowka-amerykanska\/#breadcrumb","itemListElement":[{"@type":"ListItem","position":1,"name":"Strona g\u0142\u00f3wna","item":"https:\/\/osadkowski.pl\/portal\/"},{"@type":"ListItem","position":2,"name":"Uprawy rolne &#8211; nasze rozwi\u0105zania dla zb\u00f3\u017c, warzyw i sadownictwa","item":"https:\/\/osadkowski.pl\/portal\/?page_id=21640"},{"@type":"ListItem","position":3,"name":"Bor\u00f3wka ameryka\u0144ska"}]},{"@type":"WebSite","@id":"https:\/\/osadkowski.pl\/portal\/#website","url":"https:\/\/osadkowski.pl\/portal\/","name":"Osadkowski.pl","description":"Rolnictwo w wersji PRO | \u015brodki ochrony ro\u015blin, nasiona, nawozy, maszyny rolnicze","publisher":{"@id":"https:\/\/osadkowski.pl\/portal\/#organization"},"potentialAction":[{"@type":"SearchAction","target":{"@type":"EntryPoint","urlTemplate":"https:\/\/osadkowski.pl\/portal\/?s={search_term_string}"},"query-input":"required name=search_term_string"}],"inLanguage":"pl-PL"},{"@type":"Organization","@id":"https:\/\/osadkowski.pl\/portal\/#organization","name":"Osadkowski Sp. z o. o.","url":"https:\/\/osadkowski.pl\/portal\/","logo":{"@type":"ImageObject","inLanguage":"pl-PL","@id":"https:\/\/osadkowski.pl\/portal\/#\/schema\/logo\/image\/","url":"https:\/\/osadkowski.pl\/wp-content\/uploads\/2023\/03\/osadkowski_logo.webp","contentUrl":"https:\/\/osadkowski.pl\/wp-content\/uploads\/2023\/03\/osadkowski_logo.webp","width":192,"height":60,"caption":"Osadkowski Sp. z o. o."},"image":{"@id":"https:\/\/osadkowski.pl\/portal\/#\/schema\/logo\/image\/"},"sameAs":["https:\/\/www.facebook.com\/osadkowski\/","https:\/\/www.instagram.com\/osadkowski\/","https:\/\/www.linkedin.com\/company\/osadkowski-sa\/","https:\/\/www.youtube.com\/c\/Osadkowskidlarolnictwa"]}]}},"_links":{"self":[{"href":"https:\/\/osadkowski.pl\/portal\/wp-json\/wp\/v2\/pages\/31500"}],"collection":[{"href":"https:\/\/osadkowski.pl\/portal\/wp-json\/wp\/v2\/pages"}],"about":[{"href":"https:\/\/osadkowski.pl\/portal\/wp-json\/wp\/v2\/types\/page"}],"author":[{"embeddable":true,"href":"https:\/\/osadkowski.pl\/portal\/wp-json\/wp\/v2\/users\/16"}],"replies":[{"embeddable":true,"href":"https:\/\/osadkowski.pl\/portal\/wp-json\/wp\/v2\/comments?post=31500"}],"version-history":[{"count":3,"href":"https:\/\/osadkowski.pl\/portal\/wp-json\/wp\/v2\/pages\/31500\/revisions"}],"predecessor-version":[{"id":31519,"href":"https:\/\/osadkowski.pl\/portal\/wp-json\/wp\/v2\/pages\/31500\/revisions\/31519"}],"up":[{"embeddable":true,"href":"https:\/\/osadkowski.pl\/portal\/wp-json\/wp\/v2\/pages\/21640"}],"wp:featuredmedia":[{"embeddable":true,"href":"https:\/\/osadkowski.pl\/portal\/wp-json\/wp\/v2\/media\/31513"}],"wp:attachment":[{"href":"https:\/\/osadkowski.pl\/portal\/wp-json\/wp\/v2\/media?parent=31500"}],"curies":[{"name":"wp","href":"https:\/\/api.w.org\/{rel}","templated":true}]}}