{"id":31127,"date":"2023-11-16T20:49:29","date_gmt":"2023-11-16T19:49:29","guid":{"rendered":"https:\/\/osadkowski.pl\/pl\/?page_id=31127"},"modified":"2024-08-15T20:48:04","modified_gmt":"2024-08-15T18:48:04","slug":"umow-wizyte","status":"publish","type":"page","link":"https:\/\/osadkowski.pl\/portal\/umow-wizyte\/","title":{"rendered":"Um\u00f3w wizyt\u0119 serwisie"},"content":{"rendered":"","protected":false},"excerpt":{"rendered":"","protected":false},"author":18,"featured_media":0,"parent":0,"menu_order":0,"comment_status":"closed","ping_status":"closed","template":"","meta":[],"yoast_head":"<!-- This site is optimized with the Yoast SEO plugin v21.7 - https:\/\/yoast.com\/wordpress\/plugins\/seo\/ -->\n<title>Um\u00f3w wizyt\u0119 serwisie | Osadkowski.pl<\/title>\n<meta name=\"description\" content=\"Um\u00f3w wizyt\u0119 w serwisie maszyn rolniczych prowadzonym przez Osadkowski. Dealera New Holland\" \/>\n<meta name=\"robots\" content=\"noindex, follow\" \/>\n<meta property=\"og:locale\" content=\"pl_PL\" \/>\n<meta property=\"og:type\" content=\"article\" \/>\n<meta property=\"og:title\" content=\"Um\u00f3w wizyt\u0119 serwisie | Osadkowski.pl\" \/>\n<meta property=\"og:description\" content=\"Um\u00f3w wizyt\u0119 w serwisie maszyn rolniczych prowadzonym przez Osadkowski. Dealera New Holland\" \/>\n<meta property=\"og:url\" content=\"https:\/\/osadkowski.pl\/portal\/umow-wizyte\/\" \/>\n<meta property=\"og:site_name\" content=\"Osadkowski.pl\" \/>\n<meta property=\"article:publisher\" content=\"https:\/\/www.facebook.com\/osadkowski\/\" \/>\n<meta property=\"article:modified_time\" content=\"2024-08-15T18:48:04+00:00\" \/>\n<meta name=\"twitter:card\" content=\"summary_large_image\" \/>\n<script type=\"application\/ld+json\" class=\"yoast-schema-graph\">{\"@context\":\"https:\/\/schema.org\",\"@graph\":[{\"@type\":\"WebPage\",\"@id\":\"https:\/\/osadkowski.pl\/portal\/umow-wizyte\/\",\"url\":\"https:\/\/osadkowski.pl\/portal\/umow-wizyte\/\",\"name\":\"Um\u00f3w wizyt\u0119 serwisie | Osadkowski.pl\",\"isPartOf\":{\"@id\":\"https:\/\/osadkowski.pl\/portal\/#website\"},\"datePublished\":\"2023-11-16T19:49:29+00:00\",\"dateModified\":\"2024-08-15T18:48:04+00:00\",\"description\":\"Um\u00f3w wizyt\u0119 w serwisie maszyn rolniczych prowadzonym przez Osadkowski. Dealera New Holland\",\"breadcrumb\":{\"@id\":\"https:\/\/osadkowski.pl\/portal\/umow-wizyte\/#breadcrumb\"},\"inLanguage\":\"pl-PL\",\"potentialAction\":[{\"@type\":\"ReadAction\",\"target\":[\"https:\/\/osadkowski.pl\/portal\/umow-wizyte\/\"]}]},{\"@type\":\"BreadcrumbList\",\"@id\":\"https:\/\/osadkowski.pl\/portal\/umow-wizyte\/#breadcrumb\",\"itemListElement\":[{\"@type\":\"ListItem\",\"position\":1,\"name\":\"Strona g\u0142\u00f3wna\",\"item\":\"https:\/\/osadkowski.pl\/portal\/\"},{\"@type\":\"ListItem\",\"position\":2,\"name\":\"Um\u00f3w wizyt\u0119 serwisie\"}]},{\"@type\":\"WebSite\",\"@id\":\"https:\/\/osadkowski.pl\/portal\/#website\",\"url\":\"https:\/\/osadkowski.pl\/portal\/\",\"name\":\"Osadkowski.pl\",\"description\":\"Rolnictwo w wersji PRO | \u015brodki ochrony ro\u015blin, nasiona, nawozy, maszyny rolnicze\",\"publisher\":{\"@id\":\"https:\/\/osadkowski.pl\/portal\/#organization\"},\"potentialAction\":[{\"@type\":\"SearchAction\",\"target\":{\"@type\":\"EntryPoint\",\"urlTemplate\":\"https:\/\/osadkowski.pl\/portal\/?s={search_term_string}\"},\"query-input\":\"required name=search_term_string\"}],\"inLanguage\":\"pl-PL\"},{\"@type\":\"Organization\",\"@id\":\"https:\/\/osadkowski.pl\/portal\/#organization\",\"name\":\"Osadkowski Sp. z o. o.\",\"url\":\"https:\/\/osadkowski.pl\/portal\/\",\"logo\":{\"@type\":\"ImageObject\",\"inLanguage\":\"pl-PL\",\"@id\":\"https:\/\/osadkowski.pl\/portal\/#\/schema\/logo\/image\/\",\"url\":\"https:\/\/osadkowski.pl\/wp-content\/uploads\/2023\/03\/osadkowski_logo.webp\",\"contentUrl\":\"https:\/\/osadkowski.pl\/wp-content\/uploads\/2023\/03\/osadkowski_logo.webp\",\"width\":192,\"height\":60,\"caption\":\"Osadkowski Sp. z o. o.\"},\"image\":{\"@id\":\"https:\/\/osadkowski.pl\/portal\/#\/schema\/logo\/image\/\"},\"sameAs\":[\"https:\/\/www.facebook.com\/osadkowski\/\",\"https:\/\/www.instagram.com\/osadkowski\/\",\"https:\/\/www.linkedin.com\/company\/osadkowski-sa\/\",\"https:\/\/www.youtube.com\/c\/Osadkowskidlarolnictwa\"]}]}<\/script>\n<!-- \/ Yoast SEO plugin. -->","yoast_head_json":{"title":"Um\u00f3w wizyt\u0119 serwisie | Osadkowski.pl","description":"Um\u00f3w wizyt\u0119 w serwisie maszyn rolniczych prowadzonym przez Osadkowski. Dealera New Holland","robots":{"index":"noindex","follow":"follow"},"og_locale":"pl_PL","og_type":"article","og_title":"Um\u00f3w wizyt\u0119 serwisie | Osadkowski.pl","og_description":"Um\u00f3w wizyt\u0119 w serwisie maszyn rolniczych prowadzonym przez Osadkowski. Dealera New Holland","og_url":"https:\/\/osadkowski.pl\/portal\/umow-wizyte\/","og_site_name":"Osadkowski.pl","article_publisher":"https:\/\/www.facebook.com\/osadkowski\/","article_modified_time":"2024-08-15T18:48:04+00:00","twitter_card":"summary_large_image","schema":{"@context":"https:\/\/schema.org","@graph":[{"@type":"WebPage","@id":"https:\/\/osadkowski.pl\/portal\/umow-wizyte\/","url":"https:\/\/osadkowski.pl\/portal\/umow-wizyte\/","name":"Um\u00f3w wizyt\u0119 serwisie | Osadkowski.pl","isPartOf":{"@id":"https:\/\/osadkowski.pl\/portal\/#website"},"datePublished":"2023-11-16T19:49:29+00:00","dateModified":"2024-08-15T18:48:04+00:00","description":"Um\u00f3w wizyt\u0119 w serwisie maszyn rolniczych prowadzonym przez Osadkowski. Dealera New Holland","breadcrumb":{"@id":"https:\/\/osadkowski.pl\/portal\/umow-wizyte\/#breadcrumb"},"inLanguage":"pl-PL","potentialAction":[{"@type":"ReadAction","target":["https:\/\/osadkowski.pl\/portal\/umow-wizyte\/"]}]},{"@type":"BreadcrumbList","@id":"https:\/\/osadkowski.pl\/portal\/umow-wizyte\/#breadcrumb","itemListElement":[{"@type":"ListItem","position":1,"name":"Strona g\u0142\u00f3wna","item":"https:\/\/osadkowski.pl\/portal\/"},{"@type":"ListItem","position":2,"name":"Um\u00f3w wizyt\u0119 serwisie"}]},{"@type":"WebSite","@id":"https:\/\/osadkowski.pl\/portal\/#website","url":"https:\/\/osadkowski.pl\/portal\/","name":"Osadkowski.pl","description":"Rolnictwo w wersji PRO | \u015brodki ochrony ro\u015blin, nasiona, nawozy, maszyny rolnicze","publisher":{"@id":"https:\/\/osadkowski.pl\/portal\/#organization"},"potentialAction":[{"@type":"SearchAction","target":{"@type":"EntryPoint","urlTemplate":"https:\/\/osadkowski.pl\/portal\/?s={search_term_string}"},"query-input":"required name=search_term_string"}],"inLanguage":"pl-PL"},{"@type":"Organization","@id":"https:\/\/osadkowski.pl\/portal\/#organization","name":"Osadkowski Sp. z o. o.","url":"https:\/\/osadkowski.pl\/portal\/","logo":{"@type":"ImageObject","inLanguage":"pl-PL","@id":"https:\/\/osadkowski.pl\/portal\/#\/schema\/logo\/image\/","url":"https:\/\/osadkowski.pl\/wp-content\/uploads\/2023\/03\/osadkowski_logo.webp","contentUrl":"https:\/\/osadkowski.pl\/wp-content\/uploads\/2023\/03\/osadkowski_logo.webp","width":192,"height":60,"caption":"Osadkowski Sp. z o. o."},"image":{"@id":"https:\/\/osadkowski.pl\/portal\/#\/schema\/logo\/image\/"},"sameAs":["https:\/\/www.facebook.com\/osadkowski\/","https:\/\/www.instagram.com\/osadkowski\/","https:\/\/www.linkedin.com\/company\/osadkowski-sa\/","https:\/\/www.youtube.com\/c\/Osadkowskidlarolnictwa"]}]}},"_links":{"self":[{"href":"https:\/\/osadkowski.pl\/portal\/wp-json\/wp\/v2\/pages\/31127"}],"collection":[{"href":"https:\/\/osadkowski.pl\/portal\/wp-json\/wp\/v2\/pages"}],"about":[{"href":"https:\/\/osadkowski.pl\/portal\/wp-json\/wp\/v2\/types\/page"}],"author":[{"embeddable":true,"href":"https:\/\/osadkowski.pl\/portal\/wp-json\/wp\/v2\/users\/18"}],"replies":[{"embeddable":true,"href":"https:\/\/osadkowski.pl\/portal\/wp-json\/wp\/v2\/comments?post=31127"}],"version-history":[{"count":1,"href":"https:\/\/osadkowski.pl\/portal\/wp-json\/wp\/v2\/pages\/31127\/revisions"}],"predecessor-version":[{"id":31128,"href":"https:\/\/osadkowski.pl\/portal\/wp-json\/wp\/v2\/pages\/31127\/revisions\/31128"}],"wp:attachment":[{"href":"https:\/\/osadkowski.pl\/portal\/wp-json\/wp\/v2\/media?parent=31127"}],"curies":[{"name":"wp","href":"https:\/\/api.w.org\/{rel}","templated":true}]}}