{"id":293,"date":"2018-06-15T10:47:42","date_gmt":"2018-06-15T08:47:42","guid":{"rendered":"https:\/\/osadkowski.pl\/?page_id=293"},"modified":"2025-07-21T21:27:37","modified_gmt":"2025-07-21T21:27:37","slug":"maszyny-rolnicze","status":"publish","type":"page","link":"https:\/\/osadkowski.pl\/portal\/maszyny-rolnicze\/","title":{"rendered":"Maszyny"},"content":{"rendered":"<p>Nowoczesne maszyny rolnicze. Znajdziesz u nas szerok\u0105 ofert\u0119 renomowanych producent\u00f3w maszyn &#8211; niezawodnych, a tak\u017ce tanich w eksploatacji. Proponujemy konsultacj\u0119 przed zakupem, skorzystaj!<\/p>\n","protected":false},"excerpt":{"rendered":"<p>Nowoczesne maszyny rolnicze. Znajdziesz u nas szerok\u0105 ofert\u0119 renomowanych producent\u00f3w maszyn &#8211; niezawodnych, a tak\u017ce tanich w eksploatacji. Proponujemy konsultacj\u0119 przed zakupem, skorzystaj!<\/p>\n","protected":false},"author":18,"featured_media":0,"parent":0,"menu_order":0,"comment_status":"closed","ping_status":"closed","template":"","meta":[],"yoast_head":"<!-- This site is optimized with the Yoast SEO plugin v21.7 - https:\/\/yoast.com\/wordpress\/plugins\/seo\/ -->\n<title>Maszyny rolnicze | Osadkowski.pl<\/title>\n<meta name=\"description\" content=\"Nowoczesne maszyny rolnicze. Znajdziesz u nas szerok\u0105 ofert\u0119 maszyn renomowanych producent\u00f3w - niezawodnych i tanich w eksploatacji. Sprawd\u017a!\" \/>\n<meta name=\"robots\" content=\"index, follow, max-snippet:-1, max-image-preview:large, max-video-preview:-1\" \/>\n<link rel=\"canonical\" href=\"https:\/\/osadkowski.pl\/portal\/maszyny-rolnicze\/\" \/>\n<meta property=\"og:locale\" content=\"pl_PL\" \/>\n<meta property=\"og:type\" content=\"article\" \/>\n<meta property=\"og:title\" content=\"Maszyny rolnicze | Osadkowski.pl\" \/>\n<meta property=\"og:description\" content=\"Nowoczesne maszyny rolnicze. Znajdziesz u nas szerok\u0105 ofert\u0119 maszyn renomowanych producent\u00f3w - niezawodnych i tanich w eksploatacji. Sprawd\u017a!\" \/>\n<meta property=\"og:url\" content=\"https:\/\/osadkowski.pl\/portal\/maszyny-rolnicze\/\" \/>\n<meta property=\"og:site_name\" content=\"Osadkowski.pl\" \/>\n<meta property=\"article:publisher\" content=\"https:\/\/www.facebook.com\/osadkowski\/\" \/>\n<meta property=\"article:modified_time\" content=\"2025-07-21T21:27:37+00:00\" \/>\n<meta name=\"twitter:card\" content=\"summary_large_image\" \/>\n<meta name=\"twitter:label1\" content=\"Szacowany czas czytania\" \/>\n\t<meta name=\"twitter:data1\" content=\"1 minuta\" \/>\n<script type=\"application\/ld+json\" class=\"yoast-schema-graph\">{\"@context\":\"https:\/\/schema.org\",\"@graph\":[{\"@type\":\"WebPage\",\"@id\":\"https:\/\/osadkowski.pl\/portal\/maszyny-rolnicze\/\",\"url\":\"https:\/\/osadkowski.pl\/portal\/maszyny-rolnicze\/\",\"name\":\"Maszyny rolnicze | Osadkowski.pl\",\"isPartOf\":{\"@id\":\"https:\/\/osadkowski.pl\/portal\/#website\"},\"datePublished\":\"2018-06-15T08:47:42+00:00\",\"dateModified\":\"2025-07-21T21:27:37+00:00\",\"description\":\"Nowoczesne maszyny rolnicze. Znajdziesz u nas szerok\u0105 ofert\u0119 maszyn renomowanych producent\u00f3w - niezawodnych i tanich w eksploatacji. Sprawd\u017a!\",\"breadcrumb\":{\"@id\":\"https:\/\/osadkowski.pl\/portal\/maszyny-rolnicze\/#breadcrumb\"},\"inLanguage\":\"pl-PL\",\"potentialAction\":[{\"@type\":\"ReadAction\",\"target\":[\"https:\/\/osadkowski.pl\/portal\/maszyny-rolnicze\/\"]}]},{\"@type\":\"BreadcrumbList\",\"@id\":\"https:\/\/osadkowski.pl\/portal\/maszyny-rolnicze\/#breadcrumb\",\"itemListElement\":[{\"@type\":\"ListItem\",\"position\":1,\"name\":\"Strona g\u0142\u00f3wna\",\"item\":\"https:\/\/osadkowski.pl\/portal\/\"},{\"@type\":\"ListItem\",\"position\":2,\"name\":\"Maszyny\"}]},{\"@type\":\"WebSite\",\"@id\":\"https:\/\/osadkowski.pl\/portal\/#website\",\"url\":\"https:\/\/osadkowski.pl\/portal\/\",\"name\":\"Osadkowski.pl\",\"description\":\"Rolnictwo w wersji PRO | \u015brodki ochrony ro\u015blin, nasiona, nawozy, maszyny rolnicze\",\"publisher\":{\"@id\":\"https:\/\/osadkowski.pl\/portal\/#organization\"},\"potentialAction\":[{\"@type\":\"SearchAction\",\"target\":{\"@type\":\"EntryPoint\",\"urlTemplate\":\"https:\/\/osadkowski.pl\/portal\/?s={search_term_string}\"},\"query-input\":\"required name=search_term_string\"}],\"inLanguage\":\"pl-PL\"},{\"@type\":\"Organization\",\"@id\":\"https:\/\/osadkowski.pl\/portal\/#organization\",\"name\":\"Osadkowski Sp. z o. o.\",\"url\":\"https:\/\/osadkowski.pl\/portal\/\",\"logo\":{\"@type\":\"ImageObject\",\"inLanguage\":\"pl-PL\",\"@id\":\"https:\/\/osadkowski.pl\/portal\/#\/schema\/logo\/image\/\",\"url\":\"https:\/\/osadkowski.pl\/wp-content\/uploads\/2023\/03\/osadkowski_logo.webp\",\"contentUrl\":\"https:\/\/osadkowski.pl\/wp-content\/uploads\/2023\/03\/osadkowski_logo.webp\",\"width\":192,\"height\":60,\"caption\":\"Osadkowski Sp. z o. o.\"},\"image\":{\"@id\":\"https:\/\/osadkowski.pl\/portal\/#\/schema\/logo\/image\/\"},\"sameAs\":[\"https:\/\/www.facebook.com\/osadkowski\/\",\"https:\/\/www.instagram.com\/osadkowski\/\",\"https:\/\/www.linkedin.com\/company\/osadkowski-sa\/\",\"https:\/\/www.youtube.com\/c\/Osadkowskidlarolnictwa\"]}]}<\/script>\n<!-- \/ Yoast SEO plugin. -->","yoast_head_json":{"title":"Maszyny rolnicze | Osadkowski.pl","description":"Nowoczesne maszyny rolnicze. Znajdziesz u nas szerok\u0105 ofert\u0119 maszyn renomowanych producent\u00f3w - niezawodnych i tanich w eksploatacji. Sprawd\u017a!","robots":{"index":"index","follow":"follow","max-snippet":"max-snippet:-1","max-image-preview":"max-image-preview:large","max-video-preview":"max-video-preview:-1"},"canonical":"https:\/\/osadkowski.pl\/portal\/maszyny-rolnicze\/","og_locale":"pl_PL","og_type":"article","og_title":"Maszyny rolnicze | Osadkowski.pl","og_description":"Nowoczesne maszyny rolnicze. Znajdziesz u nas szerok\u0105 ofert\u0119 maszyn renomowanych producent\u00f3w - niezawodnych i tanich w eksploatacji. Sprawd\u017a!","og_url":"https:\/\/osadkowski.pl\/portal\/maszyny-rolnicze\/","og_site_name":"Osadkowski.pl","article_publisher":"https:\/\/www.facebook.com\/osadkowski\/","article_modified_time":"2025-07-21T21:27:37+00:00","twitter_card":"summary_large_image","twitter_misc":{"Szacowany czas czytania":"1 minuta"},"schema":{"@context":"https:\/\/schema.org","@graph":[{"@type":"WebPage","@id":"https:\/\/osadkowski.pl\/portal\/maszyny-rolnicze\/","url":"https:\/\/osadkowski.pl\/portal\/maszyny-rolnicze\/","name":"Maszyny rolnicze | Osadkowski.pl","isPartOf":{"@id":"https:\/\/osadkowski.pl\/portal\/#website"},"datePublished":"2018-06-15T08:47:42+00:00","dateModified":"2025-07-21T21:27:37+00:00","description":"Nowoczesne maszyny rolnicze. Znajdziesz u nas szerok\u0105 ofert\u0119 maszyn renomowanych producent\u00f3w - niezawodnych i tanich w eksploatacji. Sprawd\u017a!","breadcrumb":{"@id":"https:\/\/osadkowski.pl\/portal\/maszyny-rolnicze\/#breadcrumb"},"inLanguage":"pl-PL","potentialAction":[{"@type":"ReadAction","target":["https:\/\/osadkowski.pl\/portal\/maszyny-rolnicze\/"]}]},{"@type":"BreadcrumbList","@id":"https:\/\/osadkowski.pl\/portal\/maszyny-rolnicze\/#breadcrumb","itemListElement":[{"@type":"ListItem","position":1,"name":"Strona g\u0142\u00f3wna","item":"https:\/\/osadkowski.pl\/portal\/"},{"@type":"ListItem","position":2,"name":"Maszyny"}]},{"@type":"WebSite","@id":"https:\/\/osadkowski.pl\/portal\/#website","url":"https:\/\/osadkowski.pl\/portal\/","name":"Osadkowski.pl","description":"Rolnictwo w wersji PRO | \u015brodki ochrony ro\u015blin, nasiona, nawozy, maszyny rolnicze","publisher":{"@id":"https:\/\/osadkowski.pl\/portal\/#organization"},"potentialAction":[{"@type":"SearchAction","target":{"@type":"EntryPoint","urlTemplate":"https:\/\/osadkowski.pl\/portal\/?s={search_term_string}"},"query-input":"required name=search_term_string"}],"inLanguage":"pl-PL"},{"@type":"Organization","@id":"https:\/\/osadkowski.pl\/portal\/#organization","name":"Osadkowski Sp. z o. o.","url":"https:\/\/osadkowski.pl\/portal\/","logo":{"@type":"ImageObject","inLanguage":"pl-PL","@id":"https:\/\/osadkowski.pl\/portal\/#\/schema\/logo\/image\/","url":"https:\/\/osadkowski.pl\/wp-content\/uploads\/2023\/03\/osadkowski_logo.webp","contentUrl":"https:\/\/osadkowski.pl\/wp-content\/uploads\/2023\/03\/osadkowski_logo.webp","width":192,"height":60,"caption":"Osadkowski Sp. z o. o."},"image":{"@id":"https:\/\/osadkowski.pl\/portal\/#\/schema\/logo\/image\/"},"sameAs":["https:\/\/www.facebook.com\/osadkowski\/","https:\/\/www.instagram.com\/osadkowski\/","https:\/\/www.linkedin.com\/company\/osadkowski-sa\/","https:\/\/www.youtube.com\/c\/Osadkowskidlarolnictwa"]}]}},"_links":{"self":[{"href":"https:\/\/osadkowski.pl\/portal\/wp-json\/wp\/v2\/pages\/293"}],"collection":[{"href":"https:\/\/osadkowski.pl\/portal\/wp-json\/wp\/v2\/pages"}],"about":[{"href":"https:\/\/osadkowski.pl\/portal\/wp-json\/wp\/v2\/types\/page"}],"author":[{"embeddable":true,"href":"https:\/\/osadkowski.pl\/portal\/wp-json\/wp\/v2\/users\/18"}],"replies":[{"embeddable":true,"href":"https:\/\/osadkowski.pl\/portal\/wp-json\/wp\/v2\/comments?post=293"}],"version-history":[{"count":1,"href":"https:\/\/osadkowski.pl\/portal\/wp-json\/wp\/v2\/pages\/293\/revisions"}],"predecessor-version":[{"id":31324,"href":"https:\/\/osadkowski.pl\/portal\/wp-json\/wp\/v2\/pages\/293\/revisions\/31324"}],"wp:attachment":[{"href":"https:\/\/osadkowski.pl\/portal\/wp-json\/wp\/v2\/media?parent=293"}],"curies":[{"name":"wp","href":"https:\/\/api.w.org\/{rel}","templated":true}]}}