{"id":19100,"date":"2021-05-20T12:44:38","date_gmt":"2021-05-20T10:44:38","guid":{"rendered":"https:\/\/osadkowski.pl\/pl\/?page_id=19100"},"modified":"2024-08-15T21:07:21","modified_gmt":"2024-08-15T19:07:21","slug":"uprawa-jabloni","status":"publish","type":"page","link":"https:\/\/osadkowski.pl\/portal\/uprawy\/uprawa-jabloni\/","title":{"rendered":"Uprawa jab\u0142oni"},"content":{"rendered":"","protected":false},"excerpt":{"rendered":"","protected":false},"author":16,"featured_media":28880,"parent":21640,"menu_order":0,"comment_status":"closed","ping_status":"closed","template":"","meta":[],"yoast_head":"<!-- This site is optimized with the Yoast SEO plugin v21.7 - https:\/\/yoast.com\/wordpress\/plugins\/seo\/ -->\n<title>Uprawa jab\u0142oni | Osadkowski.pl<\/title>\n<meta name=\"description\" content=\"Poznaj ofert\u0119 firmy Osadkowski w zakresie Uprawa jab\u0142oni\" \/>\n<meta name=\"robots\" content=\"index, follow, max-snippet:-1, max-image-preview:large, max-video-preview:-1\" \/>\n<link rel=\"canonical\" href=\"https:\/\/osadkowski.pl\/portal\/uprawy\/uprawa-jabloni\/\" \/>\n<meta property=\"og:locale\" content=\"pl_PL\" \/>\n<meta property=\"og:type\" content=\"article\" \/>\n<meta property=\"og:title\" content=\"Uprawa jab\u0142oni | Osadkowski.pl\" \/>\n<meta property=\"og:description\" content=\"Poznaj ofert\u0119 firmy Osadkowski w zakresie Uprawa jab\u0142oni\" \/>\n<meta property=\"og:url\" content=\"https:\/\/osadkowski.pl\/portal\/uprawy\/uprawa-jabloni\/\" \/>\n<meta property=\"og:site_name\" content=\"Osadkowski.pl\" \/>\n<meta property=\"article:publisher\" content=\"https:\/\/www.facebook.com\/osadkowski\/\" \/>\n<meta property=\"article:modified_time\" content=\"2024-08-15T19:07:21+00:00\" \/>\n<meta property=\"og:image\" content=\"https:\/\/osadkowski.pl\/wp-content\/uploads\/2023\/01\/uprawy-sadownicze-jablon.jpg\" \/>\n\t<meta property=\"og:image:width\" content=\"1200\" \/>\n\t<meta property=\"og:image:height\" content=\"1200\" \/>\n\t<meta property=\"og:image:type\" content=\"image\/jpeg\" \/>\n<meta name=\"twitter:card\" content=\"summary_large_image\" \/>\n<meta name=\"twitter:label1\" content=\"Szacowany czas czytania\" \/>\n\t<meta name=\"twitter:data1\" content=\"1 minuta\" \/>\n<script type=\"application\/ld+json\" class=\"yoast-schema-graph\">{\"@context\":\"https:\/\/schema.org\",\"@graph\":[{\"@type\":\"WebPage\",\"@id\":\"https:\/\/osadkowski.pl\/portal\/uprawy\/uprawa-jabloni\/\",\"url\":\"https:\/\/osadkowski.pl\/portal\/uprawy\/uprawa-jabloni\/\",\"name\":\"Uprawa jab\u0142oni | Osadkowski.pl\",\"isPartOf\":{\"@id\":\"https:\/\/osadkowski.pl\/portal\/#website\"},\"datePublished\":\"2021-05-20T10:44:38+00:00\",\"dateModified\":\"2024-08-15T19:07:21+00:00\",\"description\":\"Poznaj ofert\u0119 firmy Osadkowski w zakresie Uprawa jab\u0142oni\",\"breadcrumb\":{\"@id\":\"https:\/\/osadkowski.pl\/portal\/uprawy\/uprawa-jabloni\/#breadcrumb\"},\"inLanguage\":\"pl-PL\",\"potentialAction\":[{\"@type\":\"ReadAction\",\"target\":[\"https:\/\/osadkowski.pl\/portal\/uprawy\/uprawa-jabloni\/\"]}]},{\"@type\":\"BreadcrumbList\",\"@id\":\"https:\/\/osadkowski.pl\/portal\/uprawy\/uprawa-jabloni\/#breadcrumb\",\"itemListElement\":[{\"@type\":\"ListItem\",\"position\":1,\"name\":\"Strona g\u0142\u00f3wna\",\"item\":\"https:\/\/osadkowski.pl\/portal\/\"},{\"@type\":\"ListItem\",\"position\":2,\"name\":\"Uprawy rolne &#8211; nasze rozwi\u0105zania dla zb\u00f3\u017c, warzyw i sadownictwa\",\"item\":\"https:\/\/osadkowski.pl\/portal\/?page_id=21640\"},{\"@type\":\"ListItem\",\"position\":3,\"name\":\"Uprawa jab\u0142oni\"}]},{\"@type\":\"WebSite\",\"@id\":\"https:\/\/osadkowski.pl\/portal\/#website\",\"url\":\"https:\/\/osadkowski.pl\/portal\/\",\"name\":\"Osadkowski.pl\",\"description\":\"Rolnictwo w wersji PRO | \u015brodki ochrony ro\u015blin, nasiona, nawozy, maszyny rolnicze\",\"publisher\":{\"@id\":\"https:\/\/osadkowski.pl\/portal\/#organization\"},\"potentialAction\":[{\"@type\":\"SearchAction\",\"target\":{\"@type\":\"EntryPoint\",\"urlTemplate\":\"https:\/\/osadkowski.pl\/portal\/?s={search_term_string}\"},\"query-input\":\"required name=search_term_string\"}],\"inLanguage\":\"pl-PL\"},{\"@type\":\"Organization\",\"@id\":\"https:\/\/osadkowski.pl\/portal\/#organization\",\"name\":\"Osadkowski Sp. z o. o.\",\"url\":\"https:\/\/osadkowski.pl\/portal\/\",\"logo\":{\"@type\":\"ImageObject\",\"inLanguage\":\"pl-PL\",\"@id\":\"https:\/\/osadkowski.pl\/portal\/#\/schema\/logo\/image\/\",\"url\":\"https:\/\/osadkowski.pl\/wp-content\/uploads\/2023\/03\/osadkowski_logo.webp\",\"contentUrl\":\"https:\/\/osadkowski.pl\/wp-content\/uploads\/2023\/03\/osadkowski_logo.webp\",\"width\":192,\"height\":60,\"caption\":\"Osadkowski Sp. z o. o.\"},\"image\":{\"@id\":\"https:\/\/osadkowski.pl\/portal\/#\/schema\/logo\/image\/\"},\"sameAs\":[\"https:\/\/www.facebook.com\/osadkowski\/\",\"https:\/\/www.instagram.com\/osadkowski\/\",\"https:\/\/www.linkedin.com\/company\/osadkowski-sa\/\",\"https:\/\/www.youtube.com\/c\/Osadkowskidlarolnictwa\"]}]}<\/script>\n<!-- \/ Yoast SEO plugin. -->","yoast_head_json":{"title":"Uprawa jab\u0142oni | Osadkowski.pl","description":"Poznaj ofert\u0119 firmy Osadkowski w zakresie Uprawa jab\u0142oni","robots":{"index":"index","follow":"follow","max-snippet":"max-snippet:-1","max-image-preview":"max-image-preview:large","max-video-preview":"max-video-preview:-1"},"canonical":"https:\/\/osadkowski.pl\/portal\/uprawy\/uprawa-jabloni\/","og_locale":"pl_PL","og_type":"article","og_title":"Uprawa jab\u0142oni | Osadkowski.pl","og_description":"Poznaj ofert\u0119 firmy Osadkowski w zakresie Uprawa jab\u0142oni","og_url":"https:\/\/osadkowski.pl\/portal\/uprawy\/uprawa-jabloni\/","og_site_name":"Osadkowski.pl","article_publisher":"https:\/\/www.facebook.com\/osadkowski\/","article_modified_time":"2024-08-15T19:07:21+00:00","og_image":[{"width":1200,"height":1200,"url":"https:\/\/osadkowski.pl\/wp-content\/uploads\/2023\/01\/uprawy-sadownicze-jablon.jpg","type":"image\/jpeg"}],"twitter_card":"summary_large_image","twitter_misc":{"Szacowany czas czytania":"1 minuta"},"schema":{"@context":"https:\/\/schema.org","@graph":[{"@type":"WebPage","@id":"https:\/\/osadkowski.pl\/portal\/uprawy\/uprawa-jabloni\/","url":"https:\/\/osadkowski.pl\/portal\/uprawy\/uprawa-jabloni\/","name":"Uprawa jab\u0142oni | Osadkowski.pl","isPartOf":{"@id":"https:\/\/osadkowski.pl\/portal\/#website"},"datePublished":"2021-05-20T10:44:38+00:00","dateModified":"2024-08-15T19:07:21+00:00","description":"Poznaj ofert\u0119 firmy Osadkowski w zakresie Uprawa jab\u0142oni","breadcrumb":{"@id":"https:\/\/osadkowski.pl\/portal\/uprawy\/uprawa-jabloni\/#breadcrumb"},"inLanguage":"pl-PL","potentialAction":[{"@type":"ReadAction","target":["https:\/\/osadkowski.pl\/portal\/uprawy\/uprawa-jabloni\/"]}]},{"@type":"BreadcrumbList","@id":"https:\/\/osadkowski.pl\/portal\/uprawy\/uprawa-jabloni\/#breadcrumb","itemListElement":[{"@type":"ListItem","position":1,"name":"Strona g\u0142\u00f3wna","item":"https:\/\/osadkowski.pl\/portal\/"},{"@type":"ListItem","position":2,"name":"Uprawy rolne &#8211; nasze rozwi\u0105zania dla zb\u00f3\u017c, warzyw i sadownictwa","item":"https:\/\/osadkowski.pl\/portal\/?page_id=21640"},{"@type":"ListItem","position":3,"name":"Uprawa jab\u0142oni"}]},{"@type":"WebSite","@id":"https:\/\/osadkowski.pl\/portal\/#website","url":"https:\/\/osadkowski.pl\/portal\/","name":"Osadkowski.pl","description":"Rolnictwo w wersji PRO | \u015brodki ochrony ro\u015blin, nasiona, nawozy, maszyny rolnicze","publisher":{"@id":"https:\/\/osadkowski.pl\/portal\/#organization"},"potentialAction":[{"@type":"SearchAction","target":{"@type":"EntryPoint","urlTemplate":"https:\/\/osadkowski.pl\/portal\/?s={search_term_string}"},"query-input":"required name=search_term_string"}],"inLanguage":"pl-PL"},{"@type":"Organization","@id":"https:\/\/osadkowski.pl\/portal\/#organization","name":"Osadkowski Sp. z o. o.","url":"https:\/\/osadkowski.pl\/portal\/","logo":{"@type":"ImageObject","inLanguage":"pl-PL","@id":"https:\/\/osadkowski.pl\/portal\/#\/schema\/logo\/image\/","url":"https:\/\/osadkowski.pl\/wp-content\/uploads\/2023\/03\/osadkowski_logo.webp","contentUrl":"https:\/\/osadkowski.pl\/wp-content\/uploads\/2023\/03\/osadkowski_logo.webp","width":192,"height":60,"caption":"Osadkowski Sp. z o. o."},"image":{"@id":"https:\/\/osadkowski.pl\/portal\/#\/schema\/logo\/image\/"},"sameAs":["https:\/\/www.facebook.com\/osadkowski\/","https:\/\/www.instagram.com\/osadkowski\/","https:\/\/www.linkedin.com\/company\/osadkowski-sa\/","https:\/\/www.youtube.com\/c\/Osadkowskidlarolnictwa"]}]}},"_links":{"self":[{"href":"https:\/\/osadkowski.pl\/portal\/wp-json\/wp\/v2\/pages\/19100"}],"collection":[{"href":"https:\/\/osadkowski.pl\/portal\/wp-json\/wp\/v2\/pages"}],"about":[{"href":"https:\/\/osadkowski.pl\/portal\/wp-json\/wp\/v2\/types\/page"}],"author":[{"embeddable":true,"href":"https:\/\/osadkowski.pl\/portal\/wp-json\/wp\/v2\/users\/16"}],"replies":[{"embeddable":true,"href":"https:\/\/osadkowski.pl\/portal\/wp-json\/wp\/v2\/comments?post=19100"}],"version-history":[{"count":1,"href":"https:\/\/osadkowski.pl\/portal\/wp-json\/wp\/v2\/pages\/19100\/revisions"}],"predecessor-version":[{"id":31415,"href":"https:\/\/osadkowski.pl\/portal\/wp-json\/wp\/v2\/pages\/19100\/revisions\/31415"}],"up":[{"embeddable":true,"href":"https:\/\/osadkowski.pl\/portal\/wp-json\/wp\/v2\/pages\/21640"}],"wp:featuredmedia":[{"embeddable":true,"href":"https:\/\/osadkowski.pl\/portal\/wp-json\/wp\/v2\/media\/28880"}],"wp:attachment":[{"href":"https:\/\/osadkowski.pl\/portal\/wp-json\/wp\/v2\/media?parent=19100"}],"curies":[{"name":"wp","href":"https:\/\/api.w.org\/{rel}","templated":true}]}}